{"id":12854,"date":"2024-12-17T19:49:58","date_gmt":"2024-12-17T19:49:58","guid":{"rendered":"https:\/\/naturban.es\/?page_id=12854"},"modified":"2024-12-17T19:49:58","modified_gmt":"2024-12-17T19:49:58","slug":"aviso-legal","status":"publish","type":"page","link":"https:\/\/naturban.es\/es\/aviso-legal","title":{"rendered":"Aviso Legal"},"content":{"rendered":"<p><strong>Objeto de la web<\/strong><\/p>\n<p>NATURBAN, S.L., prestador y responsable del sitio web https:\/\/naturban.es pone a disposici\u00f3n de los usuarios el presente documento con el que pretende dar cumplimiento a las obligaciones dispuestas en el art\u00edculo 10 de la Ley 34\/2002, de 11 de julio, de Servicios de la Sociedad de la Informaci\u00f3n y de Comercio Electr\u00f3nico, as\u00ed como informar a todos los usuarios sobre las condiciones de uso del sitio web.<\/p>\n<p><strong>Sobre<\/strong><\/p>\n<p>Bajo los dominios en internet naturapaisajismourbano.es se ofrecen los servicios de:<\/p>\n<p>Prestador: NATURBAN, S.L.<\/p>\n<p>C.I.F.: B-93XXXXXX<\/p>\n<p>Inscrita en el Registro Mercantil de ________ | Tomo _______ | Folio _______ | Hoja _________ | Inscripci\u00f3n ___<\/p>\n<p>Direcci\u00f3n: _________________________________<\/p>\n<p>C.P.: ______________<\/p>\n<p>Poblaci\u00f3n: Astuarias<\/p>\n<p>Provincia: Astuarias<\/p>\n<p>Tel\u00e9fono: <span class=\"elementor-icon-list-text\">+(34) 622 437 663<\/span><\/p>\n<p>Correo electr\u00f3nico: hola@naturban.es<\/p>\n<p><strong>Registros<\/strong><\/p>\n<p>OEPM: Marca comercial NATURBAN.<\/p>\n<p>AEPD: Ficheros de datos personales inscritos: AGENDA DE CONTACTOS, CLIENTES Y\/O PROVEEDORES, CORREO ELECTR\u00d3NICO, EMPLEADOS N\u00d3MINAS Y RECURSOS HUMANOS, GESTI\u00d3N CONTABLE Y FISCAL, GESTI\u00d3N WEB y PRESUPUESTOS.<\/p>\n<p><strong>Contenido<\/strong><\/p>\n<p>El sitio web ofrece informaci\u00f3n al usuario sobre los servicios paisajismo<\/p>\n<p>La informaci\u00f3n proporcionada en el sitio web debe entenderse como una gu\u00eda que en ning\u00fan caso sustituye el asesoramiento personalizado.<\/p>\n<p>Acceso al sitio web<\/p>\n<p>El acceso al sitio web es libre y gratuito, salvo en lo relativo al coste de la conexi\u00f3n a trav\u00e9s de la red de telecomunicaciones suministrada por el proveedor de acceso contratado por el usuario e implica sin reservas la aceptaci\u00f3n de las presentes condiciones generales de uso que el usuario afirma comprender en su totalidad.<\/p>\n<p>Con car\u00e1cter general, para el acceso a los contenidos del sitio web no ser\u00e1 necesario el registro previo del usuario.<\/p>\n<p><strong>Normas de utilizaci\u00f3n del sitio web<\/strong><\/p>\n<p>El usuario se obliga a utilizar el sitio web y todo su contenido y servicios conforme a lo establecido en la ley, la moral, el orden p\u00fablico y en las presentes condiciones generales.<\/p>\n<p>El PRESTADOR podr\u00e1 interrumpir en cualquier momento el acceso a su sitio web si detecta un uso contrario a la legalidad, la buena fe o a las presentes condiciones generales.<\/p>\n<p>Asimismo el usuario, se obliga y compromete expresamente a hacer un uso adecuado de los contenidos y servicios del sitio web y a no emplearlos para:<\/p>\n<p>a) Difundir contenidos, delictivos, violentos, pornogr\u00e1ficos, racistas, xen\u00f3fobo, ofensivos, de apolog\u00eda del terrorismo o, en general, contrarios a la ley o al orden p\u00fablico.<\/p>\n<p>b) Realizar actividades il\u00edcitas o constitutivas de delito, que atenten contra los derechos de terceros y\/o que infrinjan la regulaci\u00f3n sobre propiedad intelectual e industrial, o cualesquiera otras normas del ordenamiento jur\u00eddico aplicable.<\/p>\n<p>c) Introducir en la red virus inform\u00e1ticos o realizar actuaciones susceptibles de alterar, estropear, interrumpir o generar errores o da\u00f1os en los documentos electr\u00f3nicos, datos o sistemas f\u00edsicos y l\u00f3gicos del PRESTADOR o de terceras personas; as\u00ed como obstaculizar el acceso de otros usuarios al sitio web y a sus servicios mediante el consumo masivo de los recursos inform\u00e1ticos a trav\u00e9s de los cuales el PRESTADOR presta sus servicios.<\/p>\n<p>d) Intentar acceder a las cuentas de correo electr\u00f3nico de otros usuarios o a \u00e1reas restringidas del sitio web y, en su caso, extraer informaci\u00f3n.<\/p>\n<p>e) Suplantar la identidad de otro usuario, de las administraciones p\u00fablicas o de un tercero.<\/p>\n<p>f) Reproducir, copiar, distribuir, poner a disposici\u00f3n o de cualquier otra forma comunicar p\u00fablicamente, transformar o modificar los contenidos, a menos que se cuente con la autorizaci\u00f3n del titular de los correspondientes derechos o ello resulte legalmente permitido.<\/p>\n<p>g) Recabar datos con finalidad publicitaria y de remitir publicidad de cualquier clase y comunicaciones con fines de venta u otras de naturaleza comercial sin que medie su previa solicitud o consentimiento.<\/p>\n<p><strong>Exclusi\u00f3n de Responsabilidad<\/strong><\/p>\n<p>El acceso del usuario al sitio web no implica para el PRESTADOR la obligaci\u00f3n de controlar la ausencia de virus, gusanos o cualquier otro elemento inform\u00e1tico da\u00f1ino. Corresponde al usuario, en todo caso, la disponibilidad de herramientas adecuadas para la detecci\u00f3n y desinfecci\u00f3n de programas inform\u00e1ticos da\u00f1inos.<\/p>\n<p>El PRESTADOR no se responsabiliza de los da\u00f1os producidos en el software y equipos inform\u00e1ticos de los usuarios o de terceros durante la utilizaci\u00f3n de los servicios ofrecidos en el sitio web.<\/p>\n<p>El PRESTADOR no se responsabiliza de los da\u00f1os o perjuicios de cualquier tipo producidos en el usuario que traigan causa de fallos o desconexiones en las redes de telecomunicaciones que produzcan la suspensi\u00f3n, cancelaci\u00f3n o interrupci\u00f3n del servicio del sitio web durante la prestaci\u00f3n del mismo o con car\u00e1cter previo.<\/p>\n<p>El PRESTADOR se reserva el derecho de efectuar sin previo aviso las modificaciones que considere oportunas en su sitio web, pudiendo cambiar, suprimir o a\u00f1adir tanto los contenidos y servicios que se presten a trav\u00e9s de la misma como la forma en la que \u00e9stos aparezcan presentados o localizados en el sitio web.<\/p>\n<p><strong>Propiedad intelectual e industrial<\/strong><\/p>\n<p>El sitio web, incluyendo a t\u00edtulo enunciativo pero no limitativo su programaci\u00f3n, edici\u00f3n, compilaci\u00f3n y dem\u00e1s elementos necesarios para su funcionamiento, los dise\u00f1os, logotipos, texto y\/o gr\u00e1ficos son propiedad del PRESTADOR o en su caso dispone de licencia o autorizaci\u00f3n expresa por parte de los autores.<\/p>\n<p>Todos los contenidos del sitio web se encuentran debidamente protegidos por la normativa de propiedad intelectual e industrial, as\u00ed como inscritos en los registros p\u00fablicos correspondientes.<\/p>\n<p>La reproducci\u00f3n total o parcial, uso, explotaci\u00f3n, distribuci\u00f3n y comercializaci\u00f3n, requiere en todo caso de la autorizaci\u00f3n escrita previa por parte del PRESTADOR.<\/p>\n<p>Cualquier uso no autorizado previamente por parte del PRESTADOR ser\u00e1 considerado un incumplimiento grave de los derechos de propiedad intelectual o industrial del autor.<\/p>\n<p>Los dise\u00f1os, logotipos, texto y\/o gr\u00e1ficos ajenos al PRESTADOR y que pudieran aparecer en el sitio web, pertenecen a sus respectivos propietarios, siendo ellos mismos responsables de cualquier posible controversia que pudiera suscitarse respecto a los mismos.<\/p>\n<p>El PRESTADOR reconoce a favor de sus titulares los correspondientes derechos de propiedad industrial e intelectual, no implicando su sola menci\u00f3n o aparici\u00f3n en el sitio web la existencia de derechos o responsabilidad alguna del PRESTADOR sobre los mismos, como tampoco respaldo, patrocinio o recomendaci\u00f3n por parte del mismo.<\/p>\n<p><strong>Enlaces<\/strong><\/p>\n<p>El establecimiento de un hiperenlace no implica en ning\u00fan caso la existencia de relaciones entre el PRESTADOR y el propietario del sitio web en la que se establezca, ni la aceptaci\u00f3n y aprobaci\u00f3n por parte del PRESTADOR de sus contenidos o servicios. Aquellas personas que se propongan establecer un hiperenlace previamente deber\u00e1n solicitar autorizaci\u00f3n por escrito al PRESTADOR. En todo caso, el hiperenlace \u00fanicamente permitir\u00e1 el acceso a la home-page o p\u00e1gina de inicio de los sitios web, asimismo deber\u00e1 abstenerse de realizar manifestaciones o indicaciones falsas, inexactas o incorrectas sobre el PRESTADOR, o incluir contenidos il\u00edcitos, contrarios a las buenas costumbres y al orden p\u00fablico.<\/p>\n<p>El PRESTADOR no se responsabiliza del uso que cada usuario haga de la informaci\u00f3n puesta a disposici\u00f3n en el sitio web ni de las actuaciones que realice en base a la misma.<\/p>\n<p>El PRESTADOR no asume responsabilidad alguna por la informaci\u00f3n contenida en p\u00e1ginas web de terceros a las que se pueda acceder por \u201clinks\u201d o enlaces desde cualquier p\u00e1gina web propiedad del PRESTADOR. La presencia de \u201clinks\u201d o enlaces en el sitio web del PRESTADOR tiene finalidad meramente informativa y en ning\u00fan caso supone sugerencia, invitaci\u00f3n o recomendaci\u00f3n sobre los mismos.<\/p>\n<p><strong>Env\u00edo de Comunicaciones Comerciales<\/strong><\/p>\n<p>En cumplimiento de lo dispuesto en la Disposici\u00f3n final segunda de la Ley 9\/2014, de 9 de mayo, de Telecomunicaciones que modifica la Ley 34\/2002, de 11 de Julio, de Servicios de la Sociedad de la Informaci\u00f3n y de Comercio Electr\u00f3nico, las comunicaciones comerciales realizadas por v\u00eda electr\u00f3nica deber\u00e1n ser claramente identificables como tales, y la persona f\u00edsica o jur\u00eddica en nombre de la cual se realizan tambi\u00e9n deber\u00e1 ser claramente identificable, sin perjuicio de lo que dispongan las normativas dictadas por las Comunidades Aut\u00f3nomas con competencias exclusivas sobre consumo.<\/p>\n<p>Lo dispuesto en el apartado anterior no ser\u00e1 de aplicaci\u00f3n cuando exista una relaci\u00f3n contractual previa, siempre que EL PRESTADOR hubiera obtenido de forma l\u00edcita los datos de contacto del destinatario y los empleara para el env\u00edo de comunicaciones comerciales referentes a productos o servicios de su propia empresa que sean similares a los que inicialmente fueron objeto de contrataci\u00f3n con el cliente.<\/p>\n<p>Cuando las comunicaciones hubieran sido remitidas por correo electr\u00f3nico, dicho medio deber\u00e1 consistir necesariamente en la inclusi\u00f3n de una direcci\u00f3n de correo electr\u00f3nico u otra direcci\u00f3n electr\u00f3nica v\u00e1lida donde pueda ejercitarse este derecho, quedando prohibido el env\u00edo de comunicaciones que no incluyan dicha direcci\u00f3n.<\/p>\n<p>El destinatario podr\u00e1 revocar en cualquier momento el consentimiento prestado a la recepci\u00f3n de comunicaciones comerciales con la simple notificaci\u00f3n de su voluntad al remitente.<\/p>\n<p>En todo caso, el PRESTADOR ofrece al destinatario la posibilidad de oponerse al tratamiento de sus datos con fines promocionales mediante un procedimiento sencillo y gratuito, tanto en el momento de recogida de los datos como en cada una de las comunicaciones comerciales que le dirija a trav\u00e9s de la direcci\u00f3n de correo electr\u00f3nico contacto@naturapaisajismourbano.es<\/p>\n<p><strong>Direcciones IP<\/strong><\/p>\n<p>Los servidores del sitio web podr\u00e1n detectar de manera autom\u00e1tica la direcci\u00f3n IP y el nombre de dominio utilizados por el usuario.<\/p>\n<p>Una direcci\u00f3n IP es un n\u00famero asignado autom\u00e1ticamente a un ordenador cuando \u00e9sta se conecta a Internet. Toda esta informaci\u00f3n es registrada en un fichero de actividad del servidor que permite el posterior procesamiento de los datos con el fin de obtener mediciones \u00fanicamente estad\u00edsticas que permitan conocer el n\u00famero de impresiones de p\u00e1ginas, el n\u00famero de visitas realizadas a los servicios web, el orden de visitas, el punto de acceso, etc.<\/p>\n<p><strong>Uso de cookies<\/strong><\/p>\n<p>El PRESTADOR por su propia cuenta o la de un tercero contratado para la prestaci\u00f3n de servicios de medici\u00f3n, pueden utilizar cookies cuando el usuario navega por el sitio web.<\/p>\n<p>Las cookies son peque\u00f1os archivos de informaci\u00f3n que el servidor env\u00eda al ordenador de quien accede a el sitio web con la finalidad de registrar las actividades del usuario durante su tiempo de navegaci\u00f3n y poder llevar a cabo determinadas funciones que son consideradas imprescindibles para el correcto funcionamiento y visualizaci\u00f3n de el sitio web.<\/p>\n<p>Las cookies utilizadas en el sitio web tienen, en todo caso, car\u00e1cter temporal con la \u00fanica finalidad de hacer m\u00e1s eficaz su transmisi\u00f3n ulterior y desaparecen al terminar la sesi\u00f3n del usuario. En ning\u00fan caso se utilizar\u00e1n las cookies para recoger informaci\u00f3n de car\u00e1cter personal.<\/p>\n<p>El usuario tiene la posibilidad de configurar su navegador para ser avisado de la recepci\u00f3n de cookies y para impedir su instalaci\u00f3n en su equipo. Para ellos se ruega consultar las instrucciones y manuales de su navegador para ampliar esta informaci\u00f3n.<\/p>\n<p>Mediante el uso de las cookies resulta posible que el servidor donde se encuentra la web, reconozca el navegador web utilizado por el usuario con la finalidad de que la navegaci\u00f3n sea m\u00e1s sencilla, permitiendo, por ejemplo, el acceso a los usuarios que se hayan registrado previamente, acceder a las \u00e1reas o servicios reservados exclusivamente a ellos sin tener que registrarse en cada visita. Se utilizan tambi\u00e9n para medir la audiencia y par\u00e1metros del tr\u00e1fico, controlar el progreso y n\u00famero de entradas.<\/p>\n<p><strong>Responsabilidad<\/strong><\/p>\n<p>El PRESTADOR se exime de cualquier tipo de responsabilidad derivada de la informaci\u00f3n publicada en su sitio web, siempre que esta informaci\u00f3n haya sido manipulada o introducida por un tercero ajeno.<\/p>\n<p>De acuerdo con los art\u00edculos 11 y 16 de Ley 34\/2002, de 11 de julio, de Servicios de la Sociedad de la Informaci\u00f3n y de Comercio Electr\u00f3nico, EL PRESTADOR pone a disposici\u00f3n de los usuarios, autoridades competentes y fuerzas y cuerpos de seguridad para retirar o bloquear los contenidos que vulneren la legislaci\u00f3n, los derechos de terceros o la moral y el orden p\u00fablico.<\/p>\n<p>El sitio web ha sido revisado y probado para que funcione correctamente. En principio, puede garantizarse el correcto funcionamiento los 365 d\u00edas del a\u00f1o, 24 horas al d\u00eda. No obstante, el PRESTADOR no descarta la posibilidad de que existan ciertos errores de programaci\u00f3n, o que acontezcan causas de fuerza mayor, cat\u00e1strofes naturales, huelgas, o circunstancias semejantes que hagan imposible el acceso a el sitio web.<\/p>\n<p>En caso de interrupci\u00f3n del funcionamiento del sitio web, el PRESTADOR se compromete a devolverlo a un buen estado de funcionamiento a la mayor brevedad posible.<\/p>\n<p><strong>Legislaci\u00f3n aplicable<\/strong><\/p>\n<p>Para la resoluci\u00f3n de todas las controversias o cuestiones relacionadas con el presente sitio web o de las actividades en \u00e9l desarrolladas, ser\u00e1 de aplicaci\u00f3n la legislaci\u00f3n espa\u00f1ola, a la que se someten expresamente las partes, siendo competentes para la resoluci\u00f3n de todos los conflictos relacionados con su uso los Juzgados y Tribunales de Madrid.<\/p>\n<p>Si cualquier cl\u00e1usula incluida en las presentes condiciones generales fuese declarada total o parcialmente nula o ineficaz, tal nulidad o ineficacia tan s\u00f3lo afectar\u00e1 a dicha disposici\u00f3n o a la parte de la misma que resulte nula o ineficaz, subsistiendo las presentes condiciones generales en todo lo dem\u00e1s y consider\u00e1ndose tal disposici\u00f3n total o parcialmente por no incluida.<\/p>\n","protected":false},"excerpt":{"rendered":"<p>Objeto de la web NATURBAN, S.L., prestador y responsable del sitio web https:\/\/naturban.es pone a disposici\u00f3n de los usuarios el presente documento con el que pretende dar cumplimiento a las obligaciones dispuestas en el art\u00edculo 10 de la Ley 34\/2002, de 11 de julio, de Servicios de la Sociedad de la Informaci\u00f3n y de Comercio Electr\u00f3nico, as\u00ed como informar a todos los usuarios sobre las&#8230; <\/p>\n<p class=\"more\"><a class=\"more-link\" href=\"https:\/\/naturban.es\/es\/aviso-legal\">Read More<\/a><\/p>\n","protected":false},"author":1,"featured_media":0,"parent":0,"menu_order":0,"comment_status":"closed","ping_status":"closed","template":"","meta":{"inline_featured_image":false,"footnotes":""},"class_list":["post-12854","page","type-page","status-publish","hentry","is-cat-link-borders-light is-cat-link-rounded"],"_links":{"self":[{"href":"https:\/\/naturban.es\/es\/wp-json\/wp\/v2\/pages\/12854","targetHints":{"allow":["GET"]}}],"collection":[{"href":"https:\/\/naturban.es\/es\/wp-json\/wp\/v2\/pages"}],"about":[{"href":"https:\/\/naturban.es\/es\/wp-json\/wp\/v2\/types\/page"}],"author":[{"embeddable":true,"href":"https:\/\/naturban.es\/es\/wp-json\/wp\/v2\/users\/1"}],"replies":[{"embeddable":true,"href":"https:\/\/naturban.es\/es\/wp-json\/wp\/v2\/comments?post=12854"}],"version-history":[{"count":2,"href":"https:\/\/naturban.es\/es\/wp-json\/wp\/v2\/pages\/12854\/revisions"}],"predecessor-version":[{"id":12856,"href":"https:\/\/naturban.es\/es\/wp-json\/wp\/v2\/pages\/12854\/revisions\/12856"}],"wp:attachment":[{"href":"https:\/\/naturban.es\/es\/wp-json\/wp\/v2\/media?parent=12854"}],"curies":[{"name":"wp","href":"https:\/\/api.w.org\/{rel}","templated":true}]}}