{"id":12857,"date":"2024-12-17T19:51:00","date_gmt":"2024-12-17T19:51:00","guid":{"rendered":"https:\/\/naturban.es\/?page_id=12857"},"modified":"2024-12-26T06:59:27","modified_gmt":"2024-12-26T06:59:27","slug":"cookies","status":"publish","type":"page","link":"https:\/\/naturban.es\/es\/cookies","title":{"rendered":"Cookies"},"content":{"rendered":"<p><strong>Naturban<\/strong>, como la gran mayor\u00eda de los portales de Internet, utiliza cookies para mejorar los servicios y facilitar la experiencia de los usuarios al navegar por el sitio web.<\/p>\n<p>En n<strong>aturban<\/strong><strong>.es<\/strong>, es el usuario qui\u00e9n decide si acepta o no dichas coockies.<\/p>\n<p><strong>\u00bfQu\u00e9 son las cookies?<\/strong><\/p>\n<p>Las cookies son peque\u00f1as cantidades de informaci\u00f3n que se almacenan en el navegador utilizado por cada usuario para que el servidor recuerde cierta informaci\u00f3n que posteriormente pueda utilizar con distintos prop\u00f3sitos, desde hacer la experiencia de navegaci\u00f3n web mucho m\u00e1s eficiente, a recordar la informaci\u00f3n de inicio de sesi\u00f3n, lo que contiene su carrito de compra o la conexi\u00f3n con las redes sociales.<\/p>\n<p>Es el operador del sitio web el que determina qu\u00e9 tipo de informaci\u00f3n contiene dicha cookie y cu\u00e1l es su prop\u00f3sito, pudiendo adem\u00e1s ser utilizada por el servidor web cada vez que el usuario visite dicha web.<\/p>\n<p>Existen muchas gu\u00edas en las que se explica detalladamente lo que son las cookies y para qu\u00e9 se utilizan, como por ejemplo, estas que a continuaci\u00f3n le indicamos:<\/p>\n<ul>\n<li>http:\/\/es.wikipedia.org\/wiki\/Cookie<\/li>\n<li>http:\/\/www.allaboutcookies.org<\/li>\n<li>http:\/\/www.youronlinechoices.eu<\/li>\n<li>http:\/\/www.international-chamber.co.uk\/our-expertise\/digitaleconomy<\/li>\n<\/ul>\n<p><strong>\u00bfC\u00f3mo utiliza las cookies naturban.es?<\/strong><\/p>\n<p>naturban.es solo utiliza las cookies que el usuario nos permite utilizar y este, adem\u00e1s de aceptar o rechazar el uso de dichas cookies a trav\u00e9s de la p\u00e1gina web de naturban.es, siempre podr\u00e1 gestionar y controlar estas a trav\u00e9s de la configuraci\u00f3n de su navegador.<\/p>\n<p>A continuaci\u00f3n le indicamos una fuente de informaci\u00f3n donde se especifica c\u00f3mo llevar a cabo dicho proceso:<\/p>\n<ul>\n<li><strong>Firefox<\/strong>: http:\/\/support.mozilla.org\/es\/search?q=cookies&amp;w=1<\/li>\n<li><strong>Chrome<\/strong>: https:\/\/support.google.com\/chrome\/search?query=cookies<\/li>\n<li><strong>Internet Explorer<\/strong>: http:\/\/windows.microsoft.com\/en-us\/windows\/search#q=cookies+internet+explorer<\/li>\n<li><strong>Safari<\/strong>: http:\/\/support.apple.com\/kb\/index?page=search&amp;q=cookies%20safari<\/li>\n<li><strong>Otros<\/strong>: http:\/\/www.allaboutcookies.org\/manage-cookies\/<\/li>\n<\/ul>\n<p><strong>\u00bfQu\u00e9 cookies utiliza naturban.es?<\/strong><\/p>\n<p>Hemos utilizado algunas de las gu\u00edas existentes para clasificar y definir las cookies que usamos, englob\u00e1ndolas en tres grupos:<\/p>\n<p>A) Cookies de Rendimiento<\/p>\n<p>Son cookies que recogen informaci\u00f3n sobre c\u00f3mo utiliza el usuario el sitio web (p\u00e1ginas que visita, control de errores de navegaci\u00f3n). Toda la informaci\u00f3n recogida en las mismas es totalmente an\u00f3nima y su objetivo se centra en ayudarnos a entender c\u00f3mo funciona nuestro sitio web, as\u00ed como para la localizaci\u00f3n y soluci\u00f3n de problemas para facilitar la navegaci\u00f3n del usuario.<\/p>\n<p>Dichas cookies permiten:<\/p>\n<p>\u2013 Que el usuario navegue correctamente por el sitio web.<\/p>\n<p>\u2013 Que naturban.es recopile informaci\u00f3n sobre c\u00f3mo utiliza el usuario la p\u00e1gina web, y as\u00ed entender la usabilidad del sitio, lo que nos ayudar\u00e1 a implementar las mejoras oportunas.<\/p>\n<p>Estas cookies no recogen ninguna informaci\u00f3n sobre el usuario que pueda ser usada con fines publicitarios, o informaci\u00f3n acerca de sus preferencias (tales como sus datos de usuario) m\u00e1s all\u00e1 de esa visita en particular.<\/p>\n<p>B) Cookies Funcionales<\/p>\n<p>El prop\u00f3sito de estas cookies no es otro que mejorar la experiencia de nuestros usuarios. naturban.es utiliza estas cookies para recordar ciertos par\u00e1metros de configuraci\u00f3n o para proporcionar ciertos servicios o mensajes que pueden llegar a mejorar su experiencia en nuestro sitio web. Por ejemplo, recuerdan el pa\u00eds o el idioma que ha seleccionado al visitar las p\u00e1ginas, y no se utilizan con fines de marketing.<\/p>\n<p>Dichas cookies permitir\u00e1n:<\/p>\n<p>\u2013 Recordar sus datos de inicio de sesi\u00f3n como cliente al volver a la p\u00e1gina.<\/p>\n<p>Estas cookies no recoger\u00e1n ninguna informaci\u00f3n sobre el usuario que pueda ser usada con fines publicitarios, o informaci\u00f3n acerca de sus preferencias (tales como sus datos de usuario) m\u00e1s all\u00e1 de esa visita en particular.<\/p>\n<p>C) Cookies de Marketing<\/p>\n<p>Estas cookies son gestionadas por terceros, con lo que podr\u00e1 utilizar las herramientas de \u00e9stos para restringir el uso de estas cookies. Algunas de las cookies se utilizan para enlazar a otras p\u00e1ginas web que proporcionan ciertos servicios a naturban.es, como puede ser el caso de Facebook, Twitter o Google. Algunas de estas cookies modificar\u00e1n los anuncios de otras webs para adaptarlos a sus preferencias.<\/p>\n<p>Estas cookies permiten:<\/p>\n<p>\u2013 Enlazar con redes sociales<\/p>\n<p>\u2013 Pasar informaci\u00f3n sobre su visita a la p\u00e1gina de naturban.es para adaptar anuncios en otras p\u00e1ginas.<\/p>\n<p>Considere que aquellas que hayan sido instaladas antes de modificar la configuraci\u00f3n permanecer\u00e1n en su ordenador y podr\u00e1 borrarlas haciendo uso de las opciones de configuraci\u00f3n de su navegador.<\/p>\n<p><strong>\u00bfQu\u00e9 ocurre si se deshabilitan las Cookies?<\/strong><\/p>\n<p>Algunas funcionalidades del sitio web quedar\u00e1n deshabilitados como, por ejemplo, permanecer identificado, mantener las compras en el \u201ccarrito de la compra\u201d en un servicio de e-commerce o recibir informaci\u00f3n dirigida a su localizaci\u00f3n.<\/p>\n<p><strong>Cambios en la pol\u00edtica de privacidad\/cookies<\/strong><\/p>\n<p>naturban.es puede modificar esta Pol\u00edtica de Cookies en funci\u00f3n de exigencias legislativas, reglamentarias, o con la finalidad de adaptar dicha pol\u00edtica a las instrucciones dictadas por la Agencia Espa\u00f1ola de Protecci\u00f3n de Datos, por ello, se aconseja a los Usuarios que la visiten peri\u00f3dicamente. No obstante, cuando se produzcan cambios significativos en esta Pol\u00edtica de Cookies, se comunicar\u00e1n a los Usuarios, bien mediante el propio sitio web o a trav\u00e9s de correo electr\u00f3nico a los Usuarios registrados.<\/p>\n","protected":false},"excerpt":{"rendered":"<p>Naturban, como la gran mayor\u00eda de los portales de Internet, utiliza cookies para mejorar los servicios y facilitar la experiencia de los usuarios al navegar por el sitio web. En naturban.es, es el usuario qui\u00e9n decide si acepta o no dichas coockies. \u00bfQu\u00e9 son las cookies? Las cookies son peque\u00f1as cantidades de informaci\u00f3n que se almacenan en el navegador utilizado por cada usuario para que&#8230; <\/p>\n<p class=\"more\"><a class=\"more-link\" href=\"https:\/\/naturban.es\/es\/cookies\">Read More<\/a><\/p>\n","protected":false},"author":1,"featured_media":0,"parent":0,"menu_order":0,"comment_status":"closed","ping_status":"closed","template":"","meta":{"inline_featured_image":false,"footnotes":""},"class_list":["post-12857","page","type-page","status-publish","hentry","is-cat-link-borders-light is-cat-link-rounded"],"_links":{"self":[{"href":"https:\/\/naturban.es\/es\/wp-json\/wp\/v2\/pages\/12857","targetHints":{"allow":["GET"]}}],"collection":[{"href":"https:\/\/naturban.es\/es\/wp-json\/wp\/v2\/pages"}],"about":[{"href":"https:\/\/naturban.es\/es\/wp-json\/wp\/v2\/types\/page"}],"author":[{"embeddable":true,"href":"https:\/\/naturban.es\/es\/wp-json\/wp\/v2\/users\/1"}],"replies":[{"embeddable":true,"href":"https:\/\/naturban.es\/es\/wp-json\/wp\/v2\/comments?post=12857"}],"version-history":[{"count":4,"href":"https:\/\/naturban.es\/es\/wp-json\/wp\/v2\/pages\/12857\/revisions"}],"predecessor-version":[{"id":12939,"href":"https:\/\/naturban.es\/es\/wp-json\/wp\/v2\/pages\/12857\/revisions\/12939"}],"wp:attachment":[{"href":"https:\/\/naturban.es\/es\/wp-json\/wp\/v2\/media?parent=12857"}],"curies":[{"name":"wp","href":"https:\/\/api.w.org\/{rel}","templated":true}]}}