{"id":3,"date":"2024-10-09T12:04:30","date_gmt":"2024-10-09T12:04:30","guid":{"rendered":"http:\/\/naturban.es\/?page_id=3"},"modified":"2024-12-26T06:54:13","modified_gmt":"2024-12-26T06:54:13","slug":"politica-de-privacidad","status":"publish","type":"page","link":"https:\/\/naturban.es\/es\/politica-de-privacidad","title":{"rendered":"Pol\u00edtica de privacidad"},"content":{"rendered":"<p>En https:\/\/www.naturban.es aseguramos la total protecci\u00f3n de los datos de car\u00e1cter personal proporcionados por nuestros clientes y\/o usuarios.<\/p>\n<p>NATURBAN, S.L., en adelante El PRESTADOR, respetar\u00e1 en todo momento la confidencialidad de los datos de los clientes y\/o usuarios, conforme a lo dispuesto en la Ley Org\u00e1nica 15\/1999, de 13 de diciembre, de Protecci\u00f3n de Datos de Car\u00e1cter Personal.<\/p>\n<p>El PRESTADOR tiene implementadas todas las medidas de seguridad establecidas en el Real Decreto 1720\/2007, de 21 de diciembre, por el que se aprueba el Reglamento de Desarrollo de la Ley Org\u00e1nica 15\/1999, de 13 de diciembre, de Protecci\u00f3n de Datos de Car\u00e1cter Personal.<\/p>\n<p>DATOS PERSONALES QUE RECOGEMOS Y TRATAMOS<\/p>\n<p>En el sitio web https:\/\/www.naturapaisajismourbano.es recogemos y tratamos los siguientes datos de car\u00e1cter personal de los USUARIOS:<\/p>\n<p>Formulario TE LLAMAMOS:<\/p>\n<p>\u2022 Finalidad: Contactar con el PRESTADOR para solicitar una llamada informativa.<\/p>\n<p>\u2022 M\u00e9todo: Para ello se requiere que el USUARIO introduzca su nombre (campo obligatorio), tel\u00e9fono (campo obligatorio) y haga clic en el bot\u00f3n ENVIAR.<\/p>\n<p>&nbsp;<\/p>\n<p>Formulario CONTACTO:<\/p>\n<p>\u2022 Finalidad: Contactar con el PRESTADOR para realizar un pregunta, enviar una sugerencia o realizar una consulta.<\/p>\n<p>\u2022 M\u00e9todo: Para ello se requiere que el USUARIO introduzca su nombre (campo obligatorio), correo electr\u00f3nico (campo obligatorio), tel\u00e9fono (campo obligatorio), mensaje (campo obligatorio), haga clic en el bot\u00f3n CONTACTARME AHORA.<\/p>\n<p>INCORPORACI\u00d3N DE DATOS PERSONALES A LOS FICHEROS DEL PRESTADOR<\/p>\n<p>De conformidad con lo establecido en el art\u00edculo 5 de la Ley Org\u00e1nica 15\/1999, de 13 de diciembre, de Protecci\u00f3n de Datos de Car\u00e1cter Personal, se informa que todos los datos personales que el usuario facilite mediante la cumplimentaci\u00f3n de los formularios electr\u00f3nicos existentes en el sitio web https:\/\/www.naturapaisajismourbano.es o mediante el env\u00edo de mensajes de correo electr\u00f3nico a las distintas cuentas de correo electr\u00f3nico existentes bajo los dominios en Internet www.naturapaisajismourbano.es son incorporados y tratados en el correspondiente fichero de datos personales titularidad del PRESTADOR y debidamente inscrito en la Agencia Espa\u00f1ola de Protecci\u00f3n de Datos, para su uso por los distintos departamentos de la empresa y que ser\u00e1n tratados con la finalidad de responder a su consulta, as\u00ed como realizar acciones de publicidad y prospecci\u00f3n comercial por medios electr\u00f3nicos de nuestros servicios que sean de su inter\u00e9s.<\/p>\n<p>De acuerdo con lo dispuesto en el art\u00edculo 6 Ley Org\u00e1nica 15\/1999, de 13 de diciembre, de Protecci\u00f3n de Datos de Car\u00e1cter Personal, el usuario marcando la casilla \u201cAcepto y confirmo la pol\u00edtica de privacidad\u201d, autoriza y otorga su consentimiento expreso al PRESTADOR para que proceda al tratamiento de sus datos personales para las finalidades indicadas anteriormente.<\/p>\n<p>Tal y como determina el art\u00edculo 17 del Real Decreto 1720\/2007, de 21 de diciembre, por el que se aprueba el Reglamento de Desarrollo de la Ley Org\u00e1nica 15\/1999, de 13 de diciembre, de Protecci\u00f3n de Datos de Car\u00e1cter Personal, el afectado puede revocar en cualquier momento el consentimiento expreso otorgado, de forma sencilla y gratuita, enviando una solicitud a la direcci\u00f3n de correo electr\u00f3nico contacto@naturapaisajismourbano.es indicando REVOCACI\u00d3N CONSENTIMIENTO en el asunto del mensaje.<\/p>\n<p>EXACTITUD Y VERACIDAD DE LOS DATOS FACILITADOS.<\/p>\n<p>Si utiliza filtros de spam, por favor, a\u00f1ada todas las direcciones de correo electr\u00f3nico bajo los dominios en Internet naturapaisajismourbano.es su lista de remitentes permitidos.<\/p>\n<p>En todos los casos verificaremos la direcci\u00f3n de correo electr\u00f3nico facilitada por el USUARIO a trav\u00e9s de un sistema de verificaci\u00f3n.<\/p>\n<p>EL sitio web https:\/\/www.naturapaisajismourbano.es no almacena las direcciones de correo electr\u00f3nico que no hayan sido verificadas.<\/p>\n<p>Los usuarios que env\u00edan informaci\u00f3n al PRESTADOR son los \u00fanicos responsables de la veracidad y correcci\u00f3n de los datos enviados, exoner\u00e1ndose de cualquier responsabilidad al respecto.<\/p>\n<p>Los usuarios garantizan y responden, en cualquier caso, de la exactitud, vigencia y autenticidad de los datos personales facilitados, y se comprometen a mantenerlos debidamente actualizados.<\/p>\n<p>El PRESTADOR no responde de la veracidad de las informaciones que no sean de elaboraci\u00f3n propia y de las que se indique otra fuente, por lo que tampoco asume responsabilidad alguna en cuanto a hipot\u00e9ticos perjuicios que pudieran originarse por el uso de dicha informaci\u00f3n.<\/p>\n<p>Se exonera al PRESTADOR de responsabilidad ante cualquier da\u00f1o o perjuicio que pudiera sufrir los usuarios como consecuencia de errores, defectos u omisiones en la informaci\u00f3n facilitada siempre que proceda de fuentes ajenas al mismo.<\/p>\n<p>EJERCICIO DE DERECHOS DE ACCESO, RECTIFICACI\u00d3N, CANCELACI\u00d3N Y OPOSICI\u00d3N.<\/p>\n<p>El usuario puede ejercer en cualquier momento sus derechos de acceso, rectificaci\u00f3n, cancelaci\u00f3n y oposici\u00f3n al tratamiento de sus datos personales mediante una comunicaci\u00f3n por escrito dirigido a la direcci\u00f3n postal del PRESTADOR Urb Ribera de Guadalmina Bloque 3, Apartamento 3221 M\u00e1laga (Espa\u00f1a) o a trav\u00e9s de la direcci\u00f3n de correo electr\u00f3nico hola@naturapaisajismourbano.es En ambos casos el afectado deber\u00e1 acompa\u00f1ar una prueba de identidad valida en derecho, como por ejemplo, fotocopia de su documento nacional de identidad, pasaporte u otro documento v\u00e1lido que lo identifique, indicando claramente el derecho que desea ejercitar.<\/p>\n<p>ENV\u00cdO DE COMUNICACIONES COMERCIALES<\/p>\n<p>El usuario autoriza el env\u00edo de comunicaciones comerciales, por medios electr\u00f3nicos, relacionadas con los servicios que oferta el PRESTADOR para aut\u00f3nomos, empresas y entidades. De acuerdo con lo establecido a la Ley 34\/2002, de 11 de julio, de Servicios de la Sociedad de la Informaci\u00f3n y de Comercio Electr\u00f3nico (LSSICE), se informa al usuario que si no desea recibir comunicaciones comerciales, por medios electr\u00f3nicos, de nuestros servicios podr\u00e1 oponerse en cualquier momento al tratamiento de sus datos con fines promocionales, de manera sencilla y gratuita, enviando un correo electr\u00f3nico a la direcci\u00f3n hola@naturapaisajismourbano.es indicando BAJA en el asunto del mensaje.<\/p>\n<p>POL\u00cdTICA DE REDES SOCIALES<\/p>\n<p>El PRESTADOR cuenta con perfiles en las principales redes sociales de Internet. En todos los supuestos, el PRESTADOR se considera responsable del tratamiento de los datos de sus usuarios, enti\u00e9ndase tambi\u00e9n a los seguidores, suscriptores, fans, o simplemente personas que realicen comentarios o consultas por estas v\u00edas.<\/p>\n<p>En tal sentido, el PRESTADOR podr\u00eda utilizar este perfil para informar a sus usuarios de noticias que considere apropiadas con la finalidad de los servicios ofrecidos, o quiz\u00e1s tambi\u00e9n podr\u00eda compartir informaci\u00f3n o art\u00edculos de actualidad publicados por otros usuarios de las redes sociales. En ninguno de los casos, el PRESTADOR utilizar\u00e1 informaci\u00f3n personal de los usuarios sin su consentimiento para tener relaciones distintas a las esperadas en cada una de las redes sociales mencionadas, en su caso se solicitar\u00e1 la conformidad del propio usuario.<\/p>\n<p>ACEPTACI\u00d3N Y CONSENTIMIENTO<\/p>\n<p>Los usuarios declaran haber sido informados de las condiciones sobre protecci\u00f3n de datos de car\u00e1cter personal, aceptando y consintiendo el tratamiento de los mismos por parte del PRESTADOR en la forma prevista para cada uno de ellos y para las finalidades indicadas en la presente Pol\u00edtica de Privacidad.<\/p>\n<p>CAMBIOS EN LA PRESENTE POL\u00cdTICA DE PRIVACIDAD<\/p>\n<p>El PRESTADOR se reserva el derecho a modificar la presente pol\u00edtica para adaptarla a novedades legislativas o jurisprudenciales as\u00ed como a pr\u00e1cticas de la industria. En dichos supuestos, el PRESTADOR anunciar\u00e1 en los sitios web los cambios introducidos con razonable antelaci\u00f3n a su puesta en pr\u00e1ctica.<\/p>\n","protected":false},"excerpt":{"rendered":"<p>En https:\/\/www.naturban.es aseguramos la total protecci\u00f3n de los datos de car\u00e1cter personal proporcionados por nuestros clientes y\/o usuarios. NATURBAN, S.L., en adelante El PRESTADOR, respetar\u00e1 en todo momento la confidencialidad de los datos de los clientes y\/o usuarios, conforme a lo dispuesto en la Ley Org\u00e1nica 15\/1999, de 13 de diciembre, de Protecci\u00f3n de Datos de Car\u00e1cter Personal. El PRESTADOR tiene implementadas todas las medidas&#8230; <\/p>\n<p class=\"more\"><a class=\"more-link\" href=\"https:\/\/naturban.es\/es\/politica-de-privacidad\">Read More<\/a><\/p>\n","protected":false},"author":1,"featured_media":0,"parent":0,"menu_order":0,"comment_status":"closed","ping_status":"closed","template":"","meta":{"inline_featured_image":false,"footnotes":""},"class_list":["post-3","page","type-page","status-publish","hentry","is-cat-link-borders-light is-cat-link-rounded"],"_links":{"self":[{"href":"https:\/\/naturban.es\/es\/wp-json\/wp\/v2\/pages\/3","targetHints":{"allow":["GET"]}}],"collection":[{"href":"https:\/\/naturban.es\/es\/wp-json\/wp\/v2\/pages"}],"about":[{"href":"https:\/\/naturban.es\/es\/wp-json\/wp\/v2\/types\/page"}],"author":[{"embeddable":true,"href":"https:\/\/naturban.es\/es\/wp-json\/wp\/v2\/users\/1"}],"replies":[{"embeddable":true,"href":"https:\/\/naturban.es\/es\/wp-json\/wp\/v2\/comments?post=3"}],"version-history":[{"count":4,"href":"https:\/\/naturban.es\/es\/wp-json\/wp\/v2\/pages\/3\/revisions"}],"predecessor-version":[{"id":12937,"href":"https:\/\/naturban.es\/es\/wp-json\/wp\/v2\/pages\/3\/revisions\/12937"}],"wp:attachment":[{"href":"https:\/\/naturban.es\/es\/wp-json\/wp\/v2\/media?parent=3"}],"curies":[{"name":"wp","href":"https:\/\/api.w.org\/{rel}","templated":true}]}}